{"id":112,"date":"2018-01-01T08:11:58","date_gmt":"2018-01-01T08:11:58","guid":{"rendered":"https:\/\/xnspy.com\/blog\/fr\/?page_id=112"},"modified":"2025-09-10T14:13:41","modified_gmt":"2025-09-10T14:13:41","slug":"blog","status":"publish","type":"page","link":"https:\/\/xnspy.com\/blog\/fr\/","title":{"rendered":"Blog"},"content":{"rendered":"","protected":false},"excerpt":{"rendered":"","protected":false},"author":1,"featured_media":0,"parent":0,"menu_order":0,"comment_status":"closed","ping_status":"closed","template":"template-home-page.php","meta":{"site-sidebar-layout":"default","site-content-layout":"","ast-site-content-layout":"default","site-content-style":"default","site-sidebar-style":"default","ast-global-header-display":"","ast-banner-title-visibility":"","ast-main-header-display":"","ast-hfb-above-header-display":"","ast-hfb-below-header-display":"","ast-hfb-mobile-header-display":"","site-post-title":"","ast-breadcrumbs-content":"","ast-featured-img":"","footer-sml-layout":"","theme-transparent-header-meta":"","adv-header-id-meta":"","stick-header-meta":"","header-above-stick-meta":"","header-main-stick-meta":"","header-below-stick-meta":"","astra-migrate-meta-layouts":"default","ast-page-background-enabled":"default","ast-page-background-meta":{"desktop":{"background-color":"var(--ast-global-color-4)","background-image":"","background-repeat":"repeat","background-position":"center center","background-size":"auto","background-attachment":"scroll","background-type":"","background-media":"","overlay-type":"","overlay-color":"","overlay-opacity":"","overlay-gradient":""},"tablet":{"background-color":"","background-image":"","background-repeat":"repeat","background-position":"center center","background-size":"auto","background-attachment":"scroll","background-type":"","background-media":"","overlay-type":"","overlay-color":"","overlay-opacity":"","overlay-gradient":""},"mobile":{"background-color":"","background-image":"","background-repeat":"repeat","background-position":"center center","background-size":"auto","background-attachment":"scroll","background-type":"","background-media":"","overlay-type":"","overlay-color":"","overlay-opacity":"","overlay-gradient":""}},"ast-content-background-meta":{"desktop":{"background-color":"var(--ast-global-color-5)","background-image":"","background-repeat":"repeat","background-position":"center center","background-size":"auto","background-attachment":"scroll","background-type":"","background-media":"","overlay-type":"","overlay-color":"","overlay-opacity":"","overlay-gradient":""},"tablet":{"background-color":"var(--ast-global-color-5)","background-image":"","background-repeat":"repeat","background-position":"center center","background-size":"auto","background-attachment":"scroll","background-type":"","background-media":"","overlay-type":"","overlay-color":"","overlay-opacity":"","overlay-gradient":""},"mobile":{"background-color":"var(--ast-global-color-5)","background-image":"","background-repeat":"repeat","background-position":"center center","background-size":"auto","background-attachment":"scroll","background-type":"","background-media":"","overlay-type":"","overlay-color":"","overlay-opacity":"","overlay-gradient":""}},"footnotes":""},"class_list":["post-112","page","type-page","status-publish","hentry"],"yoast_head":"<!-- This site is optimized with the Yoast SEO plugin v26.2 - https:\/\/yoast.com\/wordpress\/plugins\/seo\/ -->\n<title>XNSPY Blog | Derniers Insights de Surveillance et Conseils de S\u00fbret\u00e9 Num\u00e9rique<\/title>\n<meta name=\"robots\" content=\"index, follow, max-snippet:-1, max-image-preview:large, max-video-preview:-1\" \/>\n<link rel=\"canonical\" href=\"https:\/\/xnspy.com\/blog\/fr\/\" \/>\n<meta property=\"og:locale\" content=\"fr_FR\" \/>\n<meta property=\"og:type\" content=\"article\" \/>\n<meta property=\"og:title\" content=\"XNSPY Blog | Derniers Insights de Surveillance et Conseils de S\u00fbret\u00e9 Num\u00e9rique\" \/>\n<meta property=\"og:url\" content=\"https:\/\/xnspy.com\/blog\/fr\/\" \/>\n<meta property=\"og:site_name\" content=\"Blog officiel XNSPY - Contr\u00f4le parental et application Android Mobile Spy\" \/>\n<meta property=\"article:modified_time\" content=\"2025-09-10T14:13:41+00:00\" \/>\n<meta name=\"twitter:card\" content=\"summary_large_image\" \/>\n<script type=\"application\/ld+json\" class=\"yoast-schema-graph\">{\"@context\":\"https:\/\/schema.org\",\"@graph\":[{\"@type\":\"WebPage\",\"@id\":\"https:\/\/xnspy.com\/blog\/fr\/\",\"url\":\"https:\/\/xnspy.com\/blog\/fr\/\",\"name\":\"XNSPY Blog | Derniers Insights de Surveillance et Conseils de S\u00fbret\u00e9 Num\u00e9rique\",\"isPartOf\":{\"@id\":\"https:\/\/xnspy.com\/blog\/fr\/#website\"},\"datePublished\":\"2018-01-01T08:11:58+00:00\",\"dateModified\":\"2025-09-10T14:13:41+00:00\",\"breadcrumb\":{\"@id\":\"https:\/\/xnspy.com\/blog\/fr\/#breadcrumb\"},\"inLanguage\":\"fr-FR\",\"potentialAction\":[{\"@type\":\"ReadAction\",\"target\":[\"https:\/\/xnspy.com\/blog\/fr\/\"]}]},{\"@type\":\"BreadcrumbList\",\"@id\":\"https:\/\/xnspy.com\/blog\/fr\/#breadcrumb\",\"itemListElement\":[{\"@type\":\"ListItem\",\"position\":1,\"name\":\"Home\",\"item\":\"https:\/\/xnspy.com\/blog\/fr\/\"},{\"@type\":\"ListItem\",\"position\":2,\"name\":\"Blog\"}]},{\"@type\":\"WebSite\",\"@id\":\"https:\/\/xnspy.com\/blog\/fr\/#website\",\"url\":\"https:\/\/xnspy.com\/blog\/fr\/\",\"name\":\"Blog officiel XNSPY - Contr\u00f4le parental et application Android Mobile Spy\",\"description\":\"\",\"potentialAction\":[{\"@type\":\"SearchAction\",\"target\":{\"@type\":\"EntryPoint\",\"urlTemplate\":\"https:\/\/xnspy.com\/blog\/fr\/?s={search_term_string}\"},\"query-input\":{\"@type\":\"PropertyValueSpecification\",\"valueRequired\":true,\"valueName\":\"search_term_string\"}}],\"inLanguage\":\"fr-FR\"}]}<\/script>\n<!-- \/ Yoast SEO plugin. -->","yoast_head_json":{"title":"XNSPY Blog | Derniers Insights de Surveillance et Conseils de S\u00fbret\u00e9 Num\u00e9rique","robots":{"index":"index","follow":"follow","max-snippet":"max-snippet:-1","max-image-preview":"max-image-preview:large","max-video-preview":"max-video-preview:-1"},"canonical":"https:\/\/xnspy.com\/blog\/fr\/","og_locale":"fr_FR","og_type":"article","og_title":"XNSPY Blog | Derniers Insights de Surveillance et Conseils de S\u00fbret\u00e9 Num\u00e9rique","og_url":"https:\/\/xnspy.com\/blog\/fr\/","og_site_name":"Blog officiel XNSPY - Contr\u00f4le parental et application Android Mobile Spy","article_modified_time":"2025-09-10T14:13:41+00:00","twitter_card":"summary_large_image","schema":{"@context":"https:\/\/schema.org","@graph":[{"@type":"WebPage","@id":"https:\/\/xnspy.com\/blog\/fr\/","url":"https:\/\/xnspy.com\/blog\/fr\/","name":"XNSPY Blog | Derniers Insights de Surveillance et Conseils de S\u00fbret\u00e9 Num\u00e9rique","isPartOf":{"@id":"https:\/\/xnspy.com\/blog\/fr\/#website"},"datePublished":"2018-01-01T08:11:58+00:00","dateModified":"2025-09-10T14:13:41+00:00","breadcrumb":{"@id":"https:\/\/xnspy.com\/blog\/fr\/#breadcrumb"},"inLanguage":"fr-FR","potentialAction":[{"@type":"ReadAction","target":["https:\/\/xnspy.com\/blog\/fr\/"]}]},{"@type":"BreadcrumbList","@id":"https:\/\/xnspy.com\/blog\/fr\/#breadcrumb","itemListElement":[{"@type":"ListItem","position":1,"name":"Home","item":"https:\/\/xnspy.com\/blog\/fr\/"},{"@type":"ListItem","position":2,"name":"Blog"}]},{"@type":"WebSite","@id":"https:\/\/xnspy.com\/blog\/fr\/#website","url":"https:\/\/xnspy.com\/blog\/fr\/","name":"Blog officiel XNSPY - Contr\u00f4le parental et application Android Mobile Spy","description":"","potentialAction":[{"@type":"SearchAction","target":{"@type":"EntryPoint","urlTemplate":"https:\/\/xnspy.com\/blog\/fr\/?s={search_term_string}"},"query-input":{"@type":"PropertyValueSpecification","valueRequired":true,"valueName":"search_term_string"}}],"inLanguage":"fr-FR"}]}},"_links":{"self":[{"href":"https:\/\/xnspy.com\/blog\/fr\/wp-json\/wp\/v2\/pages\/112","targetHints":{"allow":["GET"]}}],"collection":[{"href":"https:\/\/xnspy.com\/blog\/fr\/wp-json\/wp\/v2\/pages"}],"about":[{"href":"https:\/\/xnspy.com\/blog\/fr\/wp-json\/wp\/v2\/types\/page"}],"author":[{"embeddable":true,"href":"https:\/\/xnspy.com\/blog\/fr\/wp-json\/wp\/v2\/users\/1"}],"replies":[{"embeddable":true,"href":"https:\/\/xnspy.com\/blog\/fr\/wp-json\/wp\/v2\/comments?post=112"}],"version-history":[{"count":1,"href":"https:\/\/xnspy.com\/blog\/fr\/wp-json\/wp\/v2\/pages\/112\/revisions"}],"predecessor-version":[{"id":113,"href":"https:\/\/xnspy.com\/blog\/fr\/wp-json\/wp\/v2\/pages\/112\/revisions\/113"}],"wp:attachment":[{"href":"https:\/\/xnspy.com\/blog\/fr\/wp-json\/wp\/v2\/media?parent=112"}],"curies":[{"name":"wp","href":"https:\/\/api.w.org\/{rel}","templated":true}]}}