{"id":888,"date":"2021-01-18T15:11:00","date_gmt":"2021-01-18T15:11:00","guid":{"rendered":"https:\/\/xnspy.com\/blog\/pt\/?page_id=888"},"modified":"2021-01-13T15:13:31","modified_gmt":"2021-01-13T15:13:31","slug":"espionagem-do-coronavirus-revelada-como-governos-do-mundo-todo-estao-rastreando-e-espionando-as-pessoas","status":"publish","type":"page","link":"https:\/\/xnspy.com\/blog\/pt\/espionagem-do-coronavirus-revelada-como-governos-do-mundo-todo-estao-rastreando-e-espionando-as-pessoas","title":{"rendered":"Espionagem do Coronav\u00edrus Revelada \u2014 Como Governos do Mundo Todo Est\u00e3o Rastreando e Espionando as Pessoas"},"content":{"rendered":"\n<p>Al\u00e9m do isolamento, inseguran\u00e7a e inefici\u00eancia contra a COVID-19, outra consequ\u00eancia emergente alarmante come\u00e7ou a incomodar as pessoas em todo o mundo. Um grande aumento na vigil\u00e2ncia.<\/p>\n\n\n\n<p>Em todo o mundo, os governos est\u00e3o buscando maneiras diferentes de minimizar a propaga\u00e7\u00e3o do v\u00edrus &#8211; mesmo que lhes custe interferir nos direitos de seu povo \u00e0 privacidade e ao espa\u00e7o pessoal.<\/p>\n\n\n\n<p>Uma nova medida para manter o v\u00edrus sob controle \u00e9 o Rastreamento de Contato; uma pr\u00e1tica para rastrear o paradeiro das pessoas infectadas e, em seguida, aqueles com quem entram em contato.<\/p>\n\n\n\n<p>O rastreamento de contatos n\u00e3o \u00e9 um fen\u00f4meno novo. Ele foi considerado eficaz durante o surto de SARS e Ebola, juntamente com outras medidas, como quarentena e distanciamento social. Mesmo assim, tem se mostrado eficaz no controle da dissemina\u00e7\u00e3o de COVID-19 na China tamb\u00e9m.<\/p>\n\n\n\n<p>Desde que a <a href=\"https:\/\/www.who.int\/features\/qa\/contact-tracing\/en\/\">Organiza\u00e7\u00e3o Mundial da Sa\u00fade (OMS) recomendou o rastreamento de contatos<\/a> para impedir as chances de dissemina\u00e7\u00e3o do novo coronav\u00edrus, mais e mais pa\u00edses come\u00e7aram a espionar abertamente seu povo.<\/p>\n\n\n\n<p><a href=\"https:\/\/theconversation.com\/privacy-vs-pandemic-government-tracking-of-mobile-phones-could-be-a-potent-weapon-against-covid-19-134895\">Na batalha contra a COVID-19, os governos encontraram todos os motivos para espionar smartphones e dispositivos em nome de rastrear as pessoas para evitar uma maior dissemina\u00e7\u00e3o<\/a>.<\/p>\n\n\n\n<p>A capacidade de invas\u00e3o dessas medidas varia. Alguns pa\u00edses permitiram o grampo nos telefones. Alguns v\u00e3o al\u00e9m de espiar, transmitindo os detalhes, enquanto alguns monitoram secretamente os dados e os movimentos das pessoas com a ajuda do Google.<\/p>\n\n\n\n<p>Todos os meios de vigil\u00e2ncia est\u00e3o sendo usados \u200b\u200bpelos governos como armas, mesmo que isso comprometa a seguran\u00e7a do indiv\u00edduo e o direito \u00e0 privacidade.<\/p>\n\n\n\n<p>Samuel Woodhams, um dos 10 maiores especialistas em VPNs, compilou um \u00edndice em tempo real dessas medidas de seguran\u00e7a.<\/p>\n\n\n\n<p>De acordo com o \u00edndice, em resposta ao surto de COVID-19, os seguintes dados de confinamento de privacidade digital foram registrados:<\/p>\n\n\n\n<ul class=\"wp-block-list\"><li>Novas <strong>medidas de rastreamento digital<\/strong> foram introduzidas em 23 pa\u00edses<\/li><li><strong>Tecnologias avan\u00e7adas de vigil\u00e2ncia f\u00edsica<\/strong> est\u00e3o em uso em 9 pa\u00edses<\/li><li>A <strong>censura relacionada \u00e0 COVID-19<\/strong> foi imposta por 12 governos<\/li><li>O <strong>desligamento da Internet<\/strong> continua em 4 pa\u00edses, apesar do surto<\/li><\/ul>\n\n\n\n<p>Enquanto conversava com um meio de comunica\u00e7\u00e3o, ele alertou que os \u00faltimos desenvolvimentos de tecnologia de vigil\u00e2ncia j\u00e1 empurraram o mundo para uma armadilha permanente, pois muitas das novas medidas n\u00e3o atra\u00edram o escrut\u00ednio p\u00fablico e pol\u00edtico.<\/p>\n\n\n\n<p><strong>Quais Pa\u00edses Est\u00e3o Espionando Seus Cidad\u00e3os e Por Qu\u00ea?<\/strong><\/p>\n\n\n\n<p>Vamos dar uma olhada r\u00e1pida em como os pa\u00edses j\u00e1 aderiram ao movimento e come\u00e7aram a intervir na privacidade das pessoas. Aqui est\u00e3o eles:<\/p>\n\n\n\n<p><strong>EUA<\/strong><\/p>\n\n\n\n<p>Os EUA est\u00e3o de olho na movimenta\u00e7\u00e3o de pessoas na regi\u00e3o por meio de dados de telefones celulares. O governo Trump est\u00e1 coletando dados da ind\u00fastria de publicidade para saber mais sobre a congrega\u00e7\u00e3o de pessoas. Os EUA se referiram a isso como parte do aumento maci\u00e7o da vigil\u00e2ncia global.<\/p>\n\n\n\n<p>Para isso, a Casa Branca abordou o Google, o Facebook e outras empresas de tecnologia sobre o uso potencial de dados de localiza\u00e7\u00e3o capturados de telefones celulares americanos para vigil\u00e2ncia de sa\u00fade p\u00fablica do v\u00edrus, e eles concordaram.<\/p>\n\n\n\n<p><strong>Israel<\/strong><\/p>\n\n\n\n<p>Sem confiar no parlamento, o primeiro-ministro de Israel, Nitenyahoo, aprovou a geolocaliza\u00e7\u00e3o e a cerca geogr\u00e1fica para pacientes com a tecnologia que, at\u00e9 agora, era usada apenas contra terrorismo.<\/p>\n\n\n\n<p>Com base no n\u00famero de identifica\u00e7\u00e3o nacional e n\u00famero de telefone, pela primeira vez, a medida deu <a href=\"https:\/\/www.wsj.com\/articles\/israel-turns-to-its-spy-agencies-to-combat-coronavirus-11584735025\">autoridade sem precedentes \u00e0 ag\u00eancia de seguran\u00e7a interna de Israel<\/a> para rastrear o telefone de um indiv\u00edduo para descobrir o paradeiro de pessoas suspeitas de terem o v\u00edrus.<\/p>\n\n\n\n<p><strong>China<\/strong><\/p>\n\n\n\n<p>Nenhum pa\u00eds est\u00e1 olhando mais para a vida digital dos cidad\u00e3os do que a China, como parte de sua estrat\u00e9gia contra o coronav\u00edrus. A China pressionou seus cidad\u00e3os a instalarem o <a href=\"https:\/\/www.straitstimes.com\/asia\/east-asia\/how-china-s-korea-and-taiwan-are-using-tech-to-curb-outbreak\">aplicativo em smartphones<\/a>, determinando se eles deveriam ser colocados em quarentena ou se podiam circular em metr\u00f4s, shoppings e outros espa\u00e7os p\u00fablicos.<\/p>\n\n\n\n<p>A vigil\u00e2ncia da China n\u00e3o se limita apenas ao rastreamento do telefone. O governo j\u00e1 chegou ao ponto de realizar <a href=\"https:\/\/threatpost.com\/covid-19-spurs-facial-recognition-tracking-privacy-fears\/153953\/\">reconhecimento facial<\/a> para monitorar alguns segmentos da popula\u00e7\u00e3o.<\/p>\n\n\n\n<p><strong>R\u00fassia<\/strong><\/p>\n\n\n\n<p>Para conter a COVID-19, Moscou est\u00e1 usando a tecnologia mais recente para rastrear os residentes. Como a China, com uma enorme rede de c\u00e2meras, eles planejam usar <a href=\"https:\/\/www.bbc.com\/news\/av\/world-europe-52157131\/coronavirus-russia-uses-facial-recognition-to-tackle-covid-19\">reconhecimento facial<\/a> juntamente a passes digitais em telefones celulares.<\/p>\n\n\n\n<p><strong>Coreia do Sul<\/strong><\/p>\n\n\n\n<p>A Coreia do Sul comprometeu-se com a seguran\u00e7a das pessoas ao ponto de revelar a identidade e o paradeiro de pessoas com suspeita de terem o v\u00edrus para seus contatos e outros. Em nome de <a href=\"https:\/\/www.theguardian.com\/world\/2020\/mar\/06\/more-scary-than-coronavirus-south-koreas-health-alerts-expose-private-lives\">mensagens de orienta\u00e7\u00e3o de seguran\u00e7a<\/a>, as mensagens de texto de alerta de sa\u00fade da Coreia do Sul colocavam vidas privadas em perigo.<\/p>\n\n\n\n<p><strong>Ar\u00e1bia Saudita<\/strong><\/p>\n\n\n\n<p>Uma <a href=\"https:\/\/www.theguardian.com\/world\/2020\/mar\/29\/revealed-saudis-suspected-of-phone-spying-campaign-in-us\">reportagem recente<\/a> diz que os pedidos para revelar informa\u00e7\u00f5es sobre o telefone de cidad\u00e3os da Ar\u00e1bia Saudita que vivem fora do pa\u00eds aumentaram muito nos \u00faltimos tr\u00eas meses. Ap\u00f3s o epis\u00f3dio da pol\u00eamica de Khashoggi, os cidad\u00e3os que vivem dentro e fora de l\u00e1 est\u00e3o bastante preocupados com sua seguran\u00e7a, pois o governo rigoroso j\u00e1 \u00e9 famoso por espionagem, vigil\u00e2ncia e invas\u00e3o de privacidade.<\/p>\n\n\n\n<p><strong>Ir\u00e3<\/strong><\/p>\n\n\n\n<p>Depois da China, R\u00fassia, Israel e Ar\u00e1bia Saudita, o Ir\u00e3 \u00e9 outro pa\u00eds de m\u00e1 reputa\u00e7\u00e3o pela vigil\u00e2ncia estrita de seus cidad\u00e3os.<\/p>\n\n\n\n<p>No in\u00edcio de mar\u00e7o, ap\u00f3s os horr\u00edveis picos no n\u00famero de infectados e mortos devido ao coronav\u00edrus, os cidad\u00e3os foram pressionados a baixar um aplicativo que ajudaria no diagn\u00f3stico do v\u00edrus. Em vez disso, o aplicativo come\u00e7ou a registrar os dispositivos e a coletar detalhes de contato e localiza\u00e7\u00e3o em tempo real. Pode-se supor que a funcionalidade de rastreamento em escala total esteja em algum lugar dentro de sua arquitetura.<\/p>\n\n\n\n<p>Embora mais tarde o <a href=\"https:\/\/gizmodo.com\/google-pulls-irans-official-coronavirus-app-from-play-s-1842235444\">Google tenha removido o aplicativo da loja<\/a>, o governo desmentiu, afirmando que o Ir\u00e3 n\u00e3o cruzaria os limites da privacidade de seu povo.<\/p>\n\n\n\n<p><strong>\u00c1ustria<\/strong><\/p>\n\n\n\n<p>Em meio \u00e0 deteriora\u00e7\u00e3o da situa\u00e7\u00e3o na Europa devido \u00e0 COVID-19, a \u00c1ustria continua com o uso de rastreamento de dados telef\u00f4nicos. O governo teve a ajuda da ind\u00fastria de telecomunica\u00e7\u00f5es para compartilhar dados an\u00f4nimos de localiza\u00e7\u00e3o com o governo.<\/p>\n\n\n\n<p><strong>It\u00e1lia<\/strong><\/p>\n\n\n\n<p>Na It\u00e1lia, a rede m\u00f3vel Vodafone forneceu um mapa de calor \u201cagregado e an\u00f4nimo\u201d para uma regi\u00e3o gravemente afetada. Isso mostrou como a popula\u00e7\u00e3o em geral estava se movendo e ajudou as autoridades a tomarem decis\u00f5es sobre o combate ao v\u00edrus.<\/p>\n\n\n\n<p><strong>\u00c1frica do Sul<\/strong><\/p>\n\n\n\n<p>Quando surgiu a not\u00edcia de que o governo est\u00e1 usando geolocaliza\u00e7\u00e3o e cerca geogr\u00e1fica para espionar e rastrear as pessoas, criou-se uma grande confus\u00e3o. Posteriormente, o governo garantiu \u00e0s pessoas que <a href=\"https:\/\/qz.com\/africa\/1834409\/coronavirus-south-africans-are-worried-about-cellphone-privacy\/\">apenas o banco de dados nacional ser\u00e1 mantido para localizar as pessoas com suspeita de portarem o v\u00edrus<\/a>.<\/p>\n\n\n\n<p><strong>Cingapura<\/strong><\/p>\n\n\n\n<p>Cingapura continua seu rastreamento com um aplicativo m\u00f3vel. O governo pediu \u00e0s pessoas que baixassem um aplicativo chamado TraceTogether, que usa o Bluetooth para monitorar com quem mais o usu\u00e1rio entrou em contato e avisar se estiveram perto de algu\u00e9m que possa ter o v\u00edrus.<\/p>\n\n\n\n<p><strong>Taiwan<\/strong><\/p>\n\n\n\n<p>Taiwan est\u00e1 mais envolvida em cerca geogr\u00e1fica para obrigar as pessoas a ficarem dentro de casa.<\/p>\n\n\n\n<p><strong>Pol\u00f4nia<\/strong><\/p>\n\n\n\n<p>Outro pa\u00eds europeu, a Pol\u00f4nia, tamb\u00e9m criou um aplicativo chamado <a href=\"https:\/\/www.businessinsider.com\/poland-app-coronavirus-patients-mandaotory-selfie-2020-3\">Home Quarantine<\/a>, que pede selfies com tag geogr\u00e1fica. O n\u00e3o cumprimento resulta em uma visita da pol\u00edcia.<\/p>\n\n\n\n<p><strong>Reino Unido<\/strong><\/p>\n\n\n\n<p>O Reino Unido n\u00e3o tomou medidas como rastreamento de telefone ou cerca geogr\u00e1fica anteriormente, mas um aplicativo de rastreamento de contato separado j\u00e1 estava sendo discutido. O governo abordou as telecomunica\u00e7\u00f5es do Reino Unido e o Google para obter registros de localiza\u00e7\u00e3o de telefones celulares para mapear a propaga\u00e7\u00e3o da COVID-19. E, de acordo com o Health Service Journal, o bra\u00e7o de transforma\u00e7\u00e3o digital do <a href=\"https:\/\/www.bbc.com\/news\/technology-52263244\">NHS est\u00e1 trabalhando em um aplicativo de rastreamento de contatos<\/a> e, potencialmente, identificando pessoas em risco.<\/p>\n\n\n\n<p><strong>Pessoas do Mundo Todo Reagem ao Medo da Invas\u00e3o de Privacidade<\/strong><\/p>\n\n\n\n<p>Mesmo em tempos de cat\u00e1strofe, os elementos pol\u00edticos est\u00e3o de acordo com suas agendas. <a href=\"https:\/\/www.aljazeera.com\/programmes\/listeningpost\/2020\/03\/coronavirus-tracking-outbreak-spying-people-200328080646752.html\">Os governos, com a desculpa da pandemia, parecem ter encontrado uma maneira legal e f\u00e1cil de espionar ativistas, oponentes e certos grupos desafiadores<\/a>. Por outro lado, os ativistas pela privacidade e pela paz est\u00e3o preocupados com isso como um ataque invasivo \u00e0 privacidade digital e \u00e0 seguran\u00e7a das pessoas. Eles denunciam que uma vez imposta como medida para combater a COVID-19, essa quest\u00e3o se mostrar\u00e1 permanente e problem\u00e1tica.<\/p>\n\n\n\n<p><a href=\"https:\/\/www.nytimes.com\/2020\/03\/23\/technology\/coronavirus-surveillance-tracking-privacy.html\">O uso de dados de telefone, cerca geogr\u00e1fica, rastreamento de aplicativos e conformidade digital para revelar informa\u00e7\u00f5es para monitorar a propaga\u00e7\u00e3o da pandemia preocupa os cidad\u00e3os<\/a>, em especial aqueles que vivem em democracias ocidentais e n\u00e3o est\u00e3o acostumados a serem vigiados.<\/p>\n\n\n\n<p>Ent\u00e3o, por que os ativistas de m\u00eddia digital, legisladores e especialistas est\u00e3o preocupados com as tend\u00eancias crescentes de vigil\u00e2ncia?<\/p>\n\n\n\n<p>O rastreamento de contatos e o registro de proximidade entre pessoas usando dados de Bluetooth, WiFi ou GPS podem ajudar a notificar de forma eficiente as pessoas que estiveram em contato com algu\u00e9m agora diagnosticado com coronav\u00edrus e que devem se isolar. Teme-se que a tecnologia no futuro facilitar\u00e1 a intromiss\u00e3o de governos, ag\u00eancias de espionagem, ind\u00fastria de propaganda e terroristas na confidencialidade das pessoas. Os especialistas temem que esta seja a nova norma de vigil\u00e2ncia, pois n\u00e3o \u00e9 t\u00e3o <a href=\"https:\/\/xnspy.com\/\">simples e protegida como s\u00e3o os servi\u00e7os de controle parental que monitoram crian\u00e7as ou aplicativos de rastreamento de trabalho que mant\u00eam registros do desempenho da produtividade dos funcion\u00e1rios<\/a>. \u00c9 uma grande amea\u00e7a, pois a tecnologia permite a coleta de uma quantidade extremamente grande de dados confidenciais.<\/p>\n","protected":false},"excerpt":{"rendered":"<p>Al\u00e9m do isolamento, inseguran\u00e7a e inefici\u00eancia contra a COVID-19, outra consequ\u00eancia emergente alarmante come\u00e7ou a incomodar as pessoas em todo [&hellip;]<\/p>\n","protected":false},"author":1,"featured_media":890,"parent":0,"menu_order":0,"comment_status":"closed","ping_status":"closed","template":"","meta":{"site-sidebar-layout":"default","site-content-layout":"","ast-site-content-layout":"default","site-content-style":"default","site-sidebar-style":"default","ast-global-header-display":"","ast-banner-title-visibility":"","ast-main-header-display":"","ast-hfb-above-header-display":"","ast-hfb-below-header-display":"","ast-hfb-mobile-header-display":"","site-post-title":"","ast-breadcrumbs-content":"","ast-featured-img":"","footer-sml-layout":"","theme-transparent-header-meta":"","adv-header-id-meta":"","stick-header-meta":"","header-above-stick-meta":"","header-main-stick-meta":"","header-below-stick-meta":"","astra-migrate-meta-layouts":"default","ast-page-background-enabled":"default","ast-page-background-meta":{"desktop":{"background-color":"var(--ast-global-color-4)","background-image":"","background-repeat":"repeat","background-position":"center center","background-size":"auto","background-attachment":"scroll","background-type":"","background-media":"","overlay-type":"","overlay-color":"","overlay-opacity":"","overlay-gradient":""},"tablet":{"background-color":"","background-image":"","background-repeat":"repeat","background-position":"center center","background-size":"auto","background-attachment":"scroll","background-type":"","background-media":"","overlay-type":"","overlay-color":"","overlay-opacity":"","overlay-gradient":""},"mobile":{"background-color":"","background-image":"","background-repeat":"repeat","background-position":"center center","background-size":"auto","background-attachment":"scroll","background-type":"","background-media":"","overlay-type":"","overlay-color":"","overlay-opacity":"","overlay-gradient":""}},"ast-content-background-meta":{"desktop":{"background-color":"var(--ast-global-color-5)","background-image":"","background-repeat":"repeat","background-position":"center center","background-size":"auto","background-attachment":"scroll","background-type":"","background-media":"","overlay-type":"","overlay-color":"","overlay-opacity":"","overlay-gradient":""},"tablet":{"background-color":"var(--ast-global-color-5)","background-image":"","background-repeat":"repeat","background-position":"center center","background-size":"auto","background-attachment":"scroll","background-type":"","background-media":"","overlay-type":"","overlay-color":"","overlay-opacity":"","overlay-gradient":""},"mobile":{"background-color":"var(--ast-global-color-5)","background-image":"","background-repeat":"repeat","background-position":"center center","background-size":"auto","background-attachment":"scroll","background-type":"","background-media":"","overlay-type":"","overlay-color":"","overlay-opacity":"","overlay-gradient":""}},"footnotes":""},"class_list":["post-888","page","type-page","status-publish","has-post-thumbnail","hentry"],"yoast_head":"<!-- This site is optimized with the Yoast SEO plugin v26.2 - https:\/\/yoast.com\/wordpress\/plugins\/seo\/ -->\n<title>Espionagem do Coronav\u00edrus Revelada \u2014 Como Governos do Mundo Todo Est\u00e3o Rastreando e Espionando as Pessoas - XNSPY Blog Oficial Portugu\u00eas<\/title>\n<meta name=\"robots\" content=\"index, follow, max-snippet:-1, max-image-preview:large, max-video-preview:-1\" \/>\n<link rel=\"canonical\" href=\"https:\/\/xnspy.com\/blog\/pt\/espionagem-do-coronavirus-revelada-como-governos-do-mundo-todo-estao-rastreando-e-espionando-as-pessoas\" \/>\n<meta property=\"og:locale\" content=\"pt_PT\" \/>\n<meta property=\"og:type\" content=\"article\" \/>\n<meta property=\"og:title\" content=\"Espionagem do Coronav\u00edrus Revelada \u2014 Como Governos do Mundo Todo Est\u00e3o Rastreando e Espionando as Pessoas - XNSPY Blog Oficial Portugu\u00eas\" \/>\n<meta property=\"og:description\" content=\"Al\u00e9m do isolamento, inseguran\u00e7a e inefici\u00eancia contra a COVID-19, outra consequ\u00eancia emergente alarmante come\u00e7ou a incomodar as pessoas em todo [&hellip;]\" \/>\n<meta property=\"og:url\" content=\"https:\/\/xnspy.com\/blog\/pt\/espionagem-do-coronavirus-revelada-como-governos-do-mundo-todo-estao-rastreando-e-espionando-as-pessoas\" \/>\n<meta property=\"og:site_name\" content=\"XNSPY Blog Oficial Portugu\u00eas\" \/>\n<meta property=\"og:image\" content=\"https:\/\/xnspy.com\/blog\/pt\/wp-content\/uploads\/sites\/2\/2021\/01\/02-2.png\" \/>\n\t<meta property=\"og:image:width\" content=\"752\" \/>\n\t<meta property=\"og:image:height\" content=\"440\" \/>\n\t<meta property=\"og:image:type\" content=\"image\/png\" \/>\n<meta name=\"twitter:card\" content=\"summary_large_image\" \/>\n<meta name=\"twitter:label1\" content=\"Tempo estimado de leitura\" \/>\n\t<meta name=\"twitter:data1\" content=\"9 minutos\" \/>\n<script type=\"application\/ld+json\" class=\"yoast-schema-graph\">{\"@context\":\"https:\/\/schema.org\",\"@graph\":[{\"@type\":\"WebPage\",\"@id\":\"https:\/\/xnspy.com\/blog\/pt\/espionagem-do-coronavirus-revelada-como-governos-do-mundo-todo-estao-rastreando-e-espionando-as-pessoas\",\"url\":\"https:\/\/xnspy.com\/blog\/pt\/espionagem-do-coronavirus-revelada-como-governos-do-mundo-todo-estao-rastreando-e-espionando-as-pessoas\",\"name\":\"Espionagem do Coronav\u00edrus Revelada \u2014 Como Governos do Mundo Todo Est\u00e3o Rastreando e Espionando as Pessoas - XNSPY Blog Oficial Portugu\u00eas\",\"isPartOf\":{\"@id\":\"https:\/\/xnspy.com\/blog\/pt\/#website\"},\"primaryImageOfPage\":{\"@id\":\"https:\/\/xnspy.com\/blog\/pt\/espionagem-do-coronavirus-revelada-como-governos-do-mundo-todo-estao-rastreando-e-espionando-as-pessoas#primaryimage\"},\"image\":{\"@id\":\"https:\/\/xnspy.com\/blog\/pt\/espionagem-do-coronavirus-revelada-como-governos-do-mundo-todo-estao-rastreando-e-espionando-as-pessoas#primaryimage\"},\"thumbnailUrl\":\"https:\/\/xnspy.com\/blog\/pt\/wp-content\/uploads\/sites\/2\/2021\/01\/02-2.png\",\"datePublished\":\"2021-01-18T15:11:00+00:00\",\"breadcrumb\":{\"@id\":\"https:\/\/xnspy.com\/blog\/pt\/espionagem-do-coronavirus-revelada-como-governos-do-mundo-todo-estao-rastreando-e-espionando-as-pessoas#breadcrumb\"},\"inLanguage\":\"pt-PT\",\"potentialAction\":[{\"@type\":\"ReadAction\",\"target\":[\"https:\/\/xnspy.com\/blog\/pt\/espionagem-do-coronavirus-revelada-como-governos-do-mundo-todo-estao-rastreando-e-espionando-as-pessoas\"]}]},{\"@type\":\"ImageObject\",\"inLanguage\":\"pt-PT\",\"@id\":\"https:\/\/xnspy.com\/blog\/pt\/espionagem-do-coronavirus-revelada-como-governos-do-mundo-todo-estao-rastreando-e-espionando-as-pessoas#primaryimage\",\"url\":\"https:\/\/xnspy.com\/blog\/pt\/wp-content\/uploads\/sites\/2\/2021\/01\/02-2.png\",\"contentUrl\":\"https:\/\/xnspy.com\/blog\/pt\/wp-content\/uploads\/sites\/2\/2021\/01\/02-2.png\",\"width\":752,\"height\":440},{\"@type\":\"BreadcrumbList\",\"@id\":\"https:\/\/xnspy.com\/blog\/pt\/espionagem-do-coronavirus-revelada-como-governos-do-mundo-todo-estao-rastreando-e-espionando-as-pessoas#breadcrumb\",\"itemListElement\":[{\"@type\":\"ListItem\",\"position\":1,\"name\":\"Home\",\"item\":\"https:\/\/xnspy.com\/blog\/pt\/\"},{\"@type\":\"ListItem\",\"position\":2,\"name\":\"Espionagem do Coronav\u00edrus Revelada \u2014 Como Governos do Mundo Todo Est\u00e3o Rastreando e Espionando as Pessoas\"}]},{\"@type\":\"WebSite\",\"@id\":\"https:\/\/xnspy.com\/blog\/pt\/#website\",\"url\":\"https:\/\/xnspy.com\/blog\/pt\/\",\"name\":\"XNSPY Blog Oficial Portugu\u00eas\",\"description\":\"\",\"potentialAction\":[{\"@type\":\"SearchAction\",\"target\":{\"@type\":\"EntryPoint\",\"urlTemplate\":\"https:\/\/xnspy.com\/blog\/pt\/?s={search_term_string}\"},\"query-input\":{\"@type\":\"PropertyValueSpecification\",\"valueRequired\":true,\"valueName\":\"search_term_string\"}}],\"inLanguage\":\"pt-PT\"}]}<\/script>\n<!-- \/ Yoast SEO plugin. -->","yoast_head_json":{"title":"Espionagem do Coronav\u00edrus Revelada \u2014 Como Governos do Mundo Todo Est\u00e3o Rastreando e Espionando as Pessoas - XNSPY Blog Oficial Portugu\u00eas","robots":{"index":"index","follow":"follow","max-snippet":"max-snippet:-1","max-image-preview":"max-image-preview:large","max-video-preview":"max-video-preview:-1"},"canonical":"https:\/\/xnspy.com\/blog\/pt\/espionagem-do-coronavirus-revelada-como-governos-do-mundo-todo-estao-rastreando-e-espionando-as-pessoas","og_locale":"pt_PT","og_type":"article","og_title":"Espionagem do Coronav\u00edrus Revelada \u2014 Como Governos do Mundo Todo Est\u00e3o Rastreando e Espionando as Pessoas - XNSPY Blog Oficial Portugu\u00eas","og_description":"Al\u00e9m do isolamento, inseguran\u00e7a e inefici\u00eancia contra a COVID-19, outra consequ\u00eancia emergente alarmante come\u00e7ou a incomodar as pessoas em todo [&hellip;]","og_url":"https:\/\/xnspy.com\/blog\/pt\/espionagem-do-coronavirus-revelada-como-governos-do-mundo-todo-estao-rastreando-e-espionando-as-pessoas","og_site_name":"XNSPY Blog Oficial Portugu\u00eas","og_image":[{"width":752,"height":440,"url":"https:\/\/xnspy.com\/blog\/pt\/wp-content\/uploads\/sites\/2\/2021\/01\/02-2.png","type":"image\/png"}],"twitter_card":"summary_large_image","twitter_misc":{"Tempo estimado de leitura":"9 minutos"},"schema":{"@context":"https:\/\/schema.org","@graph":[{"@type":"WebPage","@id":"https:\/\/xnspy.com\/blog\/pt\/espionagem-do-coronavirus-revelada-como-governos-do-mundo-todo-estao-rastreando-e-espionando-as-pessoas","url":"https:\/\/xnspy.com\/blog\/pt\/espionagem-do-coronavirus-revelada-como-governos-do-mundo-todo-estao-rastreando-e-espionando-as-pessoas","name":"Espionagem do Coronav\u00edrus Revelada \u2014 Como Governos do Mundo Todo Est\u00e3o Rastreando e Espionando as Pessoas - XNSPY Blog Oficial Portugu\u00eas","isPartOf":{"@id":"https:\/\/xnspy.com\/blog\/pt\/#website"},"primaryImageOfPage":{"@id":"https:\/\/xnspy.com\/blog\/pt\/espionagem-do-coronavirus-revelada-como-governos-do-mundo-todo-estao-rastreando-e-espionando-as-pessoas#primaryimage"},"image":{"@id":"https:\/\/xnspy.com\/blog\/pt\/espionagem-do-coronavirus-revelada-como-governos-do-mundo-todo-estao-rastreando-e-espionando-as-pessoas#primaryimage"},"thumbnailUrl":"https:\/\/xnspy.com\/blog\/pt\/wp-content\/uploads\/sites\/2\/2021\/01\/02-2.png","datePublished":"2021-01-18T15:11:00+00:00","breadcrumb":{"@id":"https:\/\/xnspy.com\/blog\/pt\/espionagem-do-coronavirus-revelada-como-governos-do-mundo-todo-estao-rastreando-e-espionando-as-pessoas#breadcrumb"},"inLanguage":"pt-PT","potentialAction":[{"@type":"ReadAction","target":["https:\/\/xnspy.com\/blog\/pt\/espionagem-do-coronavirus-revelada-como-governos-do-mundo-todo-estao-rastreando-e-espionando-as-pessoas"]}]},{"@type":"ImageObject","inLanguage":"pt-PT","@id":"https:\/\/xnspy.com\/blog\/pt\/espionagem-do-coronavirus-revelada-como-governos-do-mundo-todo-estao-rastreando-e-espionando-as-pessoas#primaryimage","url":"https:\/\/xnspy.com\/blog\/pt\/wp-content\/uploads\/sites\/2\/2021\/01\/02-2.png","contentUrl":"https:\/\/xnspy.com\/blog\/pt\/wp-content\/uploads\/sites\/2\/2021\/01\/02-2.png","width":752,"height":440},{"@type":"BreadcrumbList","@id":"https:\/\/xnspy.com\/blog\/pt\/espionagem-do-coronavirus-revelada-como-governos-do-mundo-todo-estao-rastreando-e-espionando-as-pessoas#breadcrumb","itemListElement":[{"@type":"ListItem","position":1,"name":"Home","item":"https:\/\/xnspy.com\/blog\/pt\/"},{"@type":"ListItem","position":2,"name":"Espionagem do Coronav\u00edrus Revelada \u2014 Como Governos do Mundo Todo Est\u00e3o Rastreando e Espionando as Pessoas"}]},{"@type":"WebSite","@id":"https:\/\/xnspy.com\/blog\/pt\/#website","url":"https:\/\/xnspy.com\/blog\/pt\/","name":"XNSPY Blog Oficial Portugu\u00eas","description":"","potentialAction":[{"@type":"SearchAction","target":{"@type":"EntryPoint","urlTemplate":"https:\/\/xnspy.com\/blog\/pt\/?s={search_term_string}"},"query-input":{"@type":"PropertyValueSpecification","valueRequired":true,"valueName":"search_term_string"}}],"inLanguage":"pt-PT"}]}},"_links":{"self":[{"href":"https:\/\/xnspy.com\/blog\/pt\/wp-json\/wp\/v2\/pages\/888","targetHints":{"allow":["GET"]}}],"collection":[{"href":"https:\/\/xnspy.com\/blog\/pt\/wp-json\/wp\/v2\/pages"}],"about":[{"href":"https:\/\/xnspy.com\/blog\/pt\/wp-json\/wp\/v2\/types\/page"}],"author":[{"embeddable":true,"href":"https:\/\/xnspy.com\/blog\/pt\/wp-json\/wp\/v2\/users\/1"}],"replies":[{"embeddable":true,"href":"https:\/\/xnspy.com\/blog\/pt\/wp-json\/wp\/v2\/comments?post=888"}],"version-history":[{"count":1,"href":"https:\/\/xnspy.com\/blog\/pt\/wp-json\/wp\/v2\/pages\/888\/revisions"}],"predecessor-version":[{"id":891,"href":"https:\/\/xnspy.com\/blog\/pt\/wp-json\/wp\/v2\/pages\/888\/revisions\/891"}],"wp:featuredmedia":[{"embeddable":true,"href":"https:\/\/xnspy.com\/blog\/pt\/wp-json\/wp\/v2\/media\/890"}],"wp:attachment":[{"href":"https:\/\/xnspy.com\/blog\/pt\/wp-json\/wp\/v2\/media?parent=888"}],"curies":[{"name":"wp","href":"https:\/\/api.w.org\/{rel}","templated":true}]}}